{"id":3510,"date":"2025-10-06T16:47:14","date_gmt":"2025-10-06T19:47:14","guid":{"rendered":"https:\/\/arraialdocabohospedaje.com\/?page_id=3510"},"modified":"2025-10-06T16:59:28","modified_gmt":"2025-10-06T19:59:28","slug":"departamento-4-huespedes-304","status":"publish","type":"page","link":"https:\/\/arraialdocabohospedaje.com\/pt\/departamentos\/departamento-4-huespedes-304\/","title":{"rendered":"Departamento 4 hu\u00e9spedes Bloque 3 &#8211; 304"},"content":{"rendered":"<div data-elementor-type=\"wp-page\" data-elementor-id=\"3510\" class=\"elementor elementor-3510\" data-elementor-settings=\"{&quot;element_pack_global_tooltip_width&quot;:{&quot;unit&quot;:&quot;px&quot;,&quot;size&quot;:&quot;&quot;,&quot;sizes&quot;:[]},&quot;element_pack_global_tooltip_width_tablet&quot;:{&quot;unit&quot;:&quot;px&quot;,&quot;size&quot;:&quot;&quot;,&quot;sizes&quot;:[]},&quot;element_pack_global_tooltip_width_mobile&quot;:{&quot;unit&quot;:&quot;px&quot;,&quot;size&quot;:&quot;&quot;,&quot;sizes&quot;:[]},&quot;element_pack_global_tooltip_padding&quot;:{&quot;unit&quot;:&quot;px&quot;,&quot;top&quot;:&quot;&quot;,&quot;right&quot;:&quot;&quot;,&quot;bottom&quot;:&quot;&quot;,&quot;left&quot;:&quot;&quot;,&quot;isLinked&quot;:true},&quot;element_pack_global_tooltip_padding_tablet&quot;:{&quot;unit&quot;:&quot;px&quot;,&quot;top&quot;:&quot;&quot;,&quot;right&quot;:&quot;&quot;,&quot;bottom&quot;:&quot;&quot;,&quot;left&quot;:&quot;&quot;,&quot;isLinked&quot;:true},&quot;element_pack_global_tooltip_padding_mobile&quot;:{&quot;unit&quot;:&quot;px&quot;,&quot;top&quot;:&quot;&quot;,&quot;right&quot;:&quot;&quot;,&quot;bottom&quot;:&quot;&quot;,&quot;left&quot;:&quot;&quot;,&quot;isLinked&quot;:true},&quot;element_pack_global_tooltip_border_radius&quot;:{&quot;unit&quot;:&quot;px&quot;,&quot;top&quot;:&quot;&quot;,&quot;right&quot;:&quot;&quot;,&quot;bottom&quot;:&quot;&quot;,&quot;left&quot;:&quot;&quot;,&quot;isLinked&quot;:true},&quot;element_pack_global_tooltip_border_radius_tablet&quot;:{&quot;unit&quot;:&quot;px&quot;,&quot;top&quot;:&quot;&quot;,&quot;right&quot;:&quot;&quot;,&quot;bottom&quot;:&quot;&quot;,&quot;left&quot;:&quot;&quot;,&quot;isLinked&quot;:true},&quot;element_pack_global_tooltip_border_radius_mobile&quot;:{&quot;unit&quot;:&quot;px&quot;,&quot;top&quot;:&quot;&quot;,&quot;right&quot;:&quot;&quot;,&quot;bottom&quot;:&quot;&quot;,&quot;left&quot;:&quot;&quot;,&quot;isLinked&quot;:true}}\" data-elementor-post-type=\"page\">\n\t\t\t\t<div class=\"elementor-element elementor-element-7197a98 e-flex e-con-boxed e-con e-parent\" data-id=\"7197a98\" data-element_type=\"container\" data-e-type=\"container\" data-settings=\"{&quot;background_background&quot;:&quot;classic&quot;}\">\n\t\t\t\t\t<div class=\"e-con-inner\">\n\t\t<div class=\"elementor-element elementor-element-e8e47e4 e-con-full e-flex e-con e-child\" data-id=\"e8e47e4\" data-element_type=\"container\" data-e-type=\"container\">\n\t\t\t\t<div class=\"elementor-element elementor-element-01277d3 elementor-widget elementor-widget-heading\" data-id=\"01277d3\" data-element_type=\"widget\" data-e-type=\"widget\" data-widget_type=\"heading.default\">\n\t\t\t\t<div class=\"elementor-widget-container\">\n\t\t\t\t\t<h1 class=\"elementor-heading-title elementor-size-default\">Apartamento para 4 pessoas<\/h1>\t\t\t\t<\/div>\n\t\t\t\t<\/div>\n\t\t\t\t<\/div>\n\t\t\t\t\t<\/div>\n\t\t\t\t<\/div>\n\t\t\t\t<section class=\"elementor-section elementor-top-section elementor-element elementor-element-14ea83d elementor-section-boxed elementor-section-height-default elementor-section-height-default\" data-id=\"14ea83d\" data-element_type=\"section\" data-e-type=\"section\">\n\t\t\t\t\t\t<div class=\"elementor-container elementor-column-gap-default\">\n\t\t\t\t\t<div class=\"elementor-column elementor-col-100 elementor-top-column elementor-element elementor-element-9bb742e\" data-id=\"9bb742e\" data-element_type=\"column\" data-e-type=\"column\">\n\t\t\t<div class=\"elementor-widget-wrap elementor-element-populated\">\n\t\t\t\t\t\t<div class=\"elementor-element elementor-element-f843fce elementor-headline--style-highlight elementor-widget elementor-widget-animated-headline\" data-id=\"f843fce\" data-element_type=\"widget\" data-e-type=\"widget\" data-settings=\"{&quot;marker&quot;:&quot;underline_zigzag&quot;,&quot;highlighted_text&quot;:&quot;Bloque 3 - 304&quot;,&quot;headline_style&quot;:&quot;highlight&quot;,&quot;loop&quot;:&quot;yes&quot;,&quot;highlight_animation_duration&quot;:1200,&quot;highlight_iteration_delay&quot;:8000}\" data-widget_type=\"animated-headline.default\">\n\t\t\t\t<div class=\"elementor-widget-container\">\n\t\t\t\t\t\t\t<h3 class=\"elementor-headline\">\n\t\t\t\t<span class=\"elementor-headline-dynamic-wrapper elementor-headline-text-wrapper\">\n\t\t\t\t\t<span class=\"elementor-headline-dynamic-text elementor-headline-text-active\">Bloco 3 - 304<\/span>\n\t\t\t\t<\/span>\n\t\t\t\t<\/h3>\n\t\t\t\t\t\t<\/div>\n\t\t\t\t<\/div>\n\t\t\t\t\t<\/div>\n\t\t<\/div>\n\t\t\t\t\t<\/div>\n\t\t<\/section>\n\t\t\t\t<section class=\"elementor-section elementor-top-section elementor-element elementor-element-6acaa36c elementor-section-content-middle elementor-section-boxed elementor-section-height-default elementor-section-height-default\" data-id=\"6acaa36c\" data-element_type=\"section\" data-e-type=\"section\">\n\t\t\t\t\t\t<div class=\"elementor-container elementor-column-gap-no\">\n\t\t\t\t\t<div class=\"elementor-column elementor-col-100 elementor-top-column elementor-element elementor-element-38eb5d64\" data-id=\"38eb5d64\" data-element_type=\"column\" data-e-type=\"column\">\n\t\t\t<div class=\"elementor-widget-wrap elementor-element-populated\">\n\t\t\t\t\t\t<div class=\"elementor-element elementor-element-44aa5c88 elementor-widget elementor-widget-text-editor\" data-id=\"44aa5c88\" data-element_type=\"widget\" data-e-type=\"widget\" data-widget_type=\"text-editor.default\">\n\t\t\t\t<div class=\"elementor-widget-container\">\n\t\t\t\t\t\t\t\t\t<ul><li>3 divis\u00f5es: dois quartos, um deles em suite.<\/li><li>2 casas de banho.<\/li><li>TV de 50 polegadas e TV de 32 polegadas.<\/li><li>Cadeira de relaxamento reclin\u00e1vel.<\/li><li>Base de cama queen e 2 bases de cama individuais.<\/li><li>Inclui roupa de cama profissional.<\/li><li>Varanda com vista lateral para o mar.<\/li><li>Grill e spiedo.<\/li><li>Conjunto de mesa e cadeiras ao ar livre.<\/li><li>Geladeira com freezer<\/li><li>Microondas<\/li><li>Lavar roupa<\/li><li>Cafeteira el\u00e9trica<\/li><li>Chaleira el\u00e9trica<\/li><li>Sanduicheira<\/li><li>Torradeira<\/li><li>frigideira<\/li><li>panela de press\u00e3o el\u00e9trica<\/li><li>Liquidificador<\/li><li>Fechadura eletr\u00f4nica com cart\u00e3o.<\/li><li>Lou\u00e7a Tramontina completa.<\/li><li>Secador de cabelo<\/li><li>Purificador de \u00e1gua<\/li><li>T\u00e1bua de passar roupa e ferro.<\/li><\/ul>\t\t\t\t\t\t\t\t<\/div>\n\t\t\t\t<\/div>\n\t\t\t\t\t<\/div>\n\t\t<\/div>\n\t\t\t\t\t<\/div>\n\t\t<\/section>\n\t\t\t\t<section class=\"elementor-section elementor-top-section elementor-element elementor-element-f53c017 elementor-section-boxed elementor-section-height-default elementor-section-height-default\" data-id=\"f53c017\" data-element_type=\"section\" data-e-type=\"section\">\n\t\t\t\t\t\t<div class=\"elementor-container elementor-column-gap-default\">\n\t\t\t\t\t<div class=\"elementor-column elementor-col-100 elementor-top-column elementor-element elementor-element-51306141\" data-id=\"51306141\" data-element_type=\"column\" data-e-type=\"column\">\n\t\t\t<div class=\"elementor-widget-wrap elementor-element-populated\">\n\t\t\t\t\t\t<div class=\"elementor-element elementor-element-70948516 elementor-widget elementor-widget-gallery\" data-id=\"70948516\" data-element_type=\"widget\" data-e-type=\"widget\" data-settings=\"{&quot;gallery_layout&quot;:&quot;masonry&quot;,&quot;lazyload&quot;:&quot;yes&quot;,&quot;columns&quot;:4,&quot;columns_tablet&quot;:2,&quot;columns_mobile&quot;:1,&quot;gap&quot;:{&quot;unit&quot;:&quot;px&quot;,&quot;size&quot;:10,&quot;sizes&quot;:[]},&quot;gap_tablet&quot;:{&quot;unit&quot;:&quot;px&quot;,&quot;size&quot;:10,&quot;sizes&quot;:[]},&quot;gap_mobile&quot;:{&quot;unit&quot;:&quot;px&quot;,&quot;size&quot;:10,&quot;sizes&quot;:[]},&quot;link_to&quot;:&quot;file&quot;,&quot;overlay_background&quot;:&quot;yes&quot;,&quot;content_hover_animation&quot;:&quot;fade-in&quot;}\" data-widget_type=\"gallery.default\">\n\t\t\t\t<div class=\"elementor-widget-container\">\n\t\t\t\t\t\t\t<div class=\"elementor-gallery__container\">\n\t\t\t\t\t\t\t<a class=\"e-gallery-item elementor-gallery-item elementor-animated-content\" href=\"https:\/\/arraialdocabohospedaje.com\/wp-content\/uploads\/2025\/10\/APARTAMENTO-304-B3-06.jpg\" data-elementor-open-lightbox=\"yes\" data-elementor-lightbox-slideshow=\"70948516\" data-elementor-lightbox-title=\"APARTAMENTO 304 B3- 06\" data-e-action-hash=\"#elementor-action%3Aaction%3Dlightbox%26settings%3DeyJpZCI6MzUyOSwidXJsIjoiaHR0cHM6XC9cL2FycmFpYWxkb2NhYm9ob3NwZWRhamUuY29tXC93cC1jb250ZW50XC91cGxvYWRzXC8yMDI1XC8xMFwvQVBBUlRBTUVOVE8tMzA0LUIzLTA2LmpwZyIsInNsaWRlc2hvdyI6IjcwOTQ4NTE2In0%3D\">\n\t\t\t\t\t<div class=\"e-gallery-image elementor-gallery-item__image\" data-thumbnail=\"https:\/\/arraialdocabohospedaje.com\/wp-content\/uploads\/2025\/10\/APARTAMENTO-304-B3-06.jpg\" data-width=\"720\" data-height=\"1180\" aria-label=\"\" role=\"img\" ><\/div>\n\t\t\t\t\t\t\t\t\t\t\t<div class=\"elementor-gallery-item__overlay\"><\/div>\n\t\t\t\t\t\t\t\t\t\t\t\t\t\t<\/a>\n\t\t\t\t\t\t\t<a class=\"e-gallery-item elementor-gallery-item elementor-animated-content\" href=\"https:\/\/arraialdocabohospedaje.com\/wp-content\/uploads\/2025\/10\/APARTAMENTO-304-B3-04.jpg\" data-elementor-open-lightbox=\"yes\" data-elementor-lightbox-slideshow=\"70948516\" data-elementor-lightbox-title=\"APARTAMENTO 304 B3- 04\" data-e-action-hash=\"#elementor-action%3Aaction%3Dlightbox%26settings%3DeyJpZCI6MzUzMSwidXJsIjoiaHR0cHM6XC9cL2FycmFpYWxkb2NhYm9ob3NwZWRhamUuY29tXC93cC1jb250ZW50XC91cGxvYWRzXC8yMDI1XC8xMFwvQVBBUlRBTUVOVE8tMzA0LUIzLTA0LmpwZyIsInNsaWRlc2hvdyI6IjcwOTQ4NTE2In0%3D\">\n\t\t\t\t\t<div class=\"e-gallery-image elementor-gallery-item__image\" data-thumbnail=\"https:\/\/arraialdocabohospedaje.com\/wp-content\/uploads\/2025\/10\/APARTAMENTO-304-B3-04.jpg\" data-width=\"720\" data-height=\"1180\" aria-label=\"\" role=\"img\" ><\/div>\n\t\t\t\t\t\t\t\t\t\t\t<div class=\"elementor-gallery-item__overlay\"><\/div>\n\t\t\t\t\t\t\t\t\t\t\t\t\t\t<\/a>\n\t\t\t\t\t\t\t<a class=\"e-gallery-item elementor-gallery-item elementor-animated-content\" href=\"https:\/\/arraialdocabohospedaje.com\/wp-content\/uploads\/2025\/10\/APARTAMENTO-304-B3-12.jpg\" data-elementor-open-lightbox=\"yes\" data-elementor-lightbox-slideshow=\"70948516\" data-elementor-lightbox-title=\"APARTAMENTO 304 B3- 12\" data-e-action-hash=\"#elementor-action%3Aaction%3Dlightbox%26settings%3DeyJpZCI6MzUyMywidXJsIjoiaHR0cHM6XC9cL2FycmFpYWxkb2NhYm9ob3NwZWRhamUuY29tXC93cC1jb250ZW50XC91cGxvYWRzXC8yMDI1XC8xMFwvQVBBUlRBTUVOVE8tMzA0LUIzLTEyLmpwZyIsInNsaWRlc2hvdyI6IjcwOTQ4NTE2In0%3D\">\n\t\t\t\t\t<div class=\"e-gallery-image elementor-gallery-item__image\" data-thumbnail=\"https:\/\/arraialdocabohospedaje.com\/wp-content\/uploads\/2025\/10\/APARTAMENTO-304-B3-12.jpg\" data-width=\"720\" data-height=\"1180\" aria-label=\"\" role=\"img\" ><\/div>\n\t\t\t\t\t\t\t\t\t\t\t<div class=\"elementor-gallery-item__overlay\"><\/div>\n\t\t\t\t\t\t\t\t\t\t\t\t\t\t<\/a>\n\t\t\t\t\t\t\t<a class=\"e-gallery-item elementor-gallery-item elementor-animated-content\" href=\"https:\/\/arraialdocabohospedaje.com\/wp-content\/uploads\/2025\/10\/APARTAMENTO-304-B3-10.jpg\" data-elementor-open-lightbox=\"yes\" data-elementor-lightbox-slideshow=\"70948516\" data-elementor-lightbox-title=\"APARTAMENTO 304 B3- 10\" data-e-action-hash=\"#elementor-action%3Aaction%3Dlightbox%26settings%3DeyJpZCI6MzUyNSwidXJsIjoiaHR0cHM6XC9cL2FycmFpYWxkb2NhYm9ob3NwZWRhamUuY29tXC93cC1jb250ZW50XC91cGxvYWRzXC8yMDI1XC8xMFwvQVBBUlRBTUVOVE8tMzA0LUIzLTEwLmpwZyIsInNsaWRlc2hvdyI6IjcwOTQ4NTE2In0%3D\">\n\t\t\t\t\t<div class=\"e-gallery-image elementor-gallery-item__image\" data-thumbnail=\"https:\/\/arraialdocabohospedaje.com\/wp-content\/uploads\/2025\/10\/APARTAMENTO-304-B3-10.jpg\" data-width=\"900\" data-height=\"1180\" aria-label=\"\" role=\"img\" ><\/div>\n\t\t\t\t\t\t\t\t\t\t\t<div class=\"elementor-gallery-item__overlay\"><\/div>\n\t\t\t\t\t\t\t\t\t\t\t\t\t\t<\/a>\n\t\t\t\t\t\t\t<a class=\"e-gallery-item elementor-gallery-item elementor-animated-content\" href=\"https:\/\/arraialdocabohospedaje.com\/wp-content\/uploads\/2025\/10\/APARTAMENTO-304-B3-11.jpg\" data-elementor-open-lightbox=\"yes\" data-elementor-lightbox-slideshow=\"70948516\" data-elementor-lightbox-title=\"APARTAMENTO 304 B3- 11\" data-e-action-hash=\"#elementor-action%3Aaction%3Dlightbox%26settings%3DeyJpZCI6MzUyNCwidXJsIjoiaHR0cHM6XC9cL2FycmFpYWxkb2NhYm9ob3NwZWRhamUuY29tXC93cC1jb250ZW50XC91cGxvYWRzXC8yMDI1XC8xMFwvQVBBUlRBTUVOVE8tMzA0LUIzLTExLmpwZyIsInNsaWRlc2hvdyI6IjcwOTQ4NTE2In0%3D\">\n\t\t\t\t\t<div class=\"e-gallery-image elementor-gallery-item__image\" data-thumbnail=\"https:\/\/arraialdocabohospedaje.com\/wp-content\/uploads\/2025\/10\/APARTAMENTO-304-B3-11.jpg\" data-width=\"900\" data-height=\"1180\" aria-label=\"\" role=\"img\" ><\/div>\n\t\t\t\t\t\t\t\t\t\t\t<div class=\"elementor-gallery-item__overlay\"><\/div>\n\t\t\t\t\t\t\t\t\t\t\t\t\t\t<\/a>\n\t\t\t\t\t\t\t<a class=\"e-gallery-item elementor-gallery-item elementor-animated-content\" href=\"https:\/\/arraialdocabohospedaje.com\/wp-content\/uploads\/2025\/10\/APARTAMENTO-304-B3-03.jpg\" data-elementor-open-lightbox=\"yes\" data-elementor-lightbox-slideshow=\"70948516\" data-elementor-lightbox-title=\"APARTAMENTO 304 B3- 03\" data-e-action-hash=\"#elementor-action%3Aaction%3Dlightbox%26settings%3DeyJpZCI6MzUzMiwidXJsIjoiaHR0cHM6XC9cL2FycmFpYWxkb2NhYm9ob3NwZWRhamUuY29tXC93cC1jb250ZW50XC91cGxvYWRzXC8yMDI1XC8xMFwvQVBBUlRBTUVOVE8tMzA0LUIzLTAzLmpwZyIsInNsaWRlc2hvdyI6IjcwOTQ4NTE2In0%3D\">\n\t\t\t\t\t<div class=\"e-gallery-image elementor-gallery-item__image\" data-thumbnail=\"https:\/\/arraialdocabohospedaje.com\/wp-content\/uploads\/2025\/10\/APARTAMENTO-304-B3-03.jpg\" data-width=\"720\" data-height=\"1180\" aria-label=\"\" role=\"img\" ><\/div>\n\t\t\t\t\t\t\t\t\t\t\t<div class=\"elementor-gallery-item__overlay\"><\/div>\n\t\t\t\t\t\t\t\t\t\t\t\t\t\t<\/a>\n\t\t\t\t\t\t\t<a class=\"e-gallery-item elementor-gallery-item elementor-animated-content\" href=\"https:\/\/arraialdocabohospedaje.com\/wp-content\/uploads\/2025\/10\/APARTAMENTO-304-B3-02.jpg\" data-elementor-open-lightbox=\"yes\" data-elementor-lightbox-slideshow=\"70948516\" data-elementor-lightbox-title=\"APARTAMENTO 304 B3- 02\" data-e-action-hash=\"#elementor-action%3Aaction%3Dlightbox%26settings%3DeyJpZCI6MzUzMywidXJsIjoiaHR0cHM6XC9cL2FycmFpYWxkb2NhYm9ob3NwZWRhamUuY29tXC93cC1jb250ZW50XC91cGxvYWRzXC8yMDI1XC8xMFwvQVBBUlRBTUVOVE8tMzA0LUIzLTAyLmpwZyIsInNsaWRlc2hvdyI6IjcwOTQ4NTE2In0%3D\">\n\t\t\t\t\t<div class=\"e-gallery-image elementor-gallery-item__image\" data-thumbnail=\"https:\/\/arraialdocabohospedaje.com\/wp-content\/uploads\/2025\/10\/APARTAMENTO-304-B3-02.jpg\" data-width=\"720\" data-height=\"1180\" aria-label=\"\" role=\"img\" ><\/div>\n\t\t\t\t\t\t\t\t\t\t\t<div class=\"elementor-gallery-item__overlay\"><\/div>\n\t\t\t\t\t\t\t\t\t\t\t\t\t\t<\/a>\n\t\t\t\t\t\t\t<a class=\"e-gallery-item elementor-gallery-item elementor-animated-content\" href=\"https:\/\/arraialdocabohospedaje.com\/wp-content\/uploads\/2025\/10\/APARTAMENTO-304-B3-19.jpg\" data-elementor-open-lightbox=\"yes\" data-elementor-lightbox-slideshow=\"70948516\" data-elementor-lightbox-title=\"APARTAMENTO 304 B3- 19\" data-e-action-hash=\"#elementor-action%3Aaction%3Dlightbox%26settings%3DeyJpZCI6MzUzOSwidXJsIjoiaHR0cHM6XC9cL2FycmFpYWxkb2NhYm9ob3NwZWRhamUuY29tXC93cC1jb250ZW50XC91cGxvYWRzXC8yMDI1XC8xMFwvQVBBUlRBTUVOVE8tMzA0LUIzLTE5LmpwZyIsInNsaWRlc2hvdyI6IjcwOTQ4NTE2In0%3D\">\n\t\t\t\t\t<div class=\"e-gallery-image elementor-gallery-item__image\" data-thumbnail=\"https:\/\/arraialdocabohospedaje.com\/wp-content\/uploads\/2025\/10\/APARTAMENTO-304-B3-19.jpg\" data-width=\"900\" data-height=\"1180\" aria-label=\"\" role=\"img\" ><\/div>\n\t\t\t\t\t\t\t\t\t\t\t<div class=\"elementor-gallery-item__overlay\"><\/div>\n\t\t\t\t\t\t\t\t\t\t\t\t\t\t<\/a>\n\t\t\t\t\t\t\t<a class=\"e-gallery-item elementor-gallery-item elementor-animated-content\" href=\"https:\/\/arraialdocabohospedaje.com\/wp-content\/uploads\/2025\/10\/APARTAMENTO-304-B3-22.jpg\" data-elementor-open-lightbox=\"yes\" data-elementor-lightbox-slideshow=\"70948516\" data-elementor-lightbox-title=\"APARTAMENTO 304 B3- 22\" data-e-action-hash=\"#elementor-action%3Aaction%3Dlightbox%26settings%3DeyJpZCI6MzUzNiwidXJsIjoiaHR0cHM6XC9cL2FycmFpYWxkb2NhYm9ob3NwZWRhamUuY29tXC93cC1jb250ZW50XC91cGxvYWRzXC8yMDI1XC8xMFwvQVBBUlRBTUVOVE8tMzA0LUIzLTIyLmpwZyIsInNsaWRlc2hvdyI6IjcwOTQ4NTE2In0%3D\">\n\t\t\t\t\t<div class=\"e-gallery-image elementor-gallery-item__image\" data-thumbnail=\"https:\/\/arraialdocabohospedaje.com\/wp-content\/uploads\/2025\/10\/APARTAMENTO-304-B3-22.jpg\" data-width=\"720\" data-height=\"1180\" aria-label=\"\" role=\"img\" ><\/div>\n\t\t\t\t\t\t\t\t\t\t\t<div class=\"elementor-gallery-item__overlay\"><\/div>\n\t\t\t\t\t\t\t\t\t\t\t\t\t\t<\/a>\n\t\t\t\t\t\t\t<a class=\"e-gallery-item elementor-gallery-item elementor-animated-content\" href=\"https:\/\/arraialdocabohospedaje.com\/wp-content\/uploads\/2025\/10\/APARTAMENTO-304-B3-05.jpg\" data-elementor-open-lightbox=\"yes\" data-elementor-lightbox-slideshow=\"70948516\" data-elementor-lightbox-title=\"APARTAMENTO 304 B3- 05\" data-e-action-hash=\"#elementor-action%3Aaction%3Dlightbox%26settings%3DeyJpZCI6MzUzMCwidXJsIjoiaHR0cHM6XC9cL2FycmFpYWxkb2NhYm9ob3NwZWRhamUuY29tXC93cC1jb250ZW50XC91cGxvYWRzXC8yMDI1XC8xMFwvQVBBUlRBTUVOVE8tMzA0LUIzLTA1LmpwZyIsInNsaWRlc2hvdyI6IjcwOTQ4NTE2In0%3D\">\n\t\t\t\t\t<div class=\"e-gallery-image elementor-gallery-item__image\" data-thumbnail=\"https:\/\/arraialdocabohospedaje.com\/wp-content\/uploads\/2025\/10\/APARTAMENTO-304-B3-05.jpg\" data-width=\"720\" data-height=\"1180\" aria-label=\"\" role=\"img\" ><\/div>\n\t\t\t\t\t\t\t\t\t\t\t<div class=\"elementor-gallery-item__overlay\"><\/div>\n\t\t\t\t\t\t\t\t\t\t\t\t\t\t<\/a>\n\t\t\t\t\t\t\t<a class=\"e-gallery-item elementor-gallery-item elementor-animated-content\" href=\"https:\/\/arraialdocabohospedaje.com\/wp-content\/uploads\/2025\/10\/APARTAMENTO-304-B3-23.jpg\" data-elementor-open-lightbox=\"yes\" data-elementor-lightbox-slideshow=\"70948516\" data-elementor-lightbox-title=\"APARTAMENTO 304 B3- 23\" data-e-action-hash=\"#elementor-action%3Aaction%3Dlightbox%26settings%3DeyJpZCI6MzUzNSwidXJsIjoiaHR0cHM6XC9cL2FycmFpYWxkb2NhYm9ob3NwZWRhamUuY29tXC93cC1jb250ZW50XC91cGxvYWRzXC8yMDI1XC8xMFwvQVBBUlRBTUVOVE8tMzA0LUIzLTIzLmpwZyIsInNsaWRlc2hvdyI6IjcwOTQ4NTE2In0%3D\">\n\t\t\t\t\t<div class=\"e-gallery-image elementor-gallery-item__image\" data-thumbnail=\"https:\/\/arraialdocabohospedaje.com\/wp-content\/uploads\/2025\/10\/APARTAMENTO-304-B3-23.jpg\" data-width=\"720\" data-height=\"1180\" aria-label=\"\" role=\"img\" ><\/div>\n\t\t\t\t\t\t\t\t\t\t\t<div class=\"elementor-gallery-item__overlay\"><\/div>\n\t\t\t\t\t\t\t\t\t\t\t\t\t\t<\/a>\n\t\t\t\t\t<\/div>\n\t\t\t\t\t<\/div>\n\t\t\t\t<\/div>\n\t\t\t\t\t<\/div>\n\t\t<\/div>\n\t\t\t\t\t<\/div>\n\t\t<\/section>\n\t\t\t\t<section class=\"elementor-section elementor-top-section elementor-element elementor-element-24be77a7 elementor-section-height-min-height elementor-section-boxed elementor-section-height-default elementor-section-items-middle\" data-id=\"24be77a7\" data-element_type=\"section\" data-e-type=\"section\" data-settings=\"{&quot;background_background&quot;:&quot;classic&quot;}\">\n\t\t\t\t\t\t<div class=\"elementor-container elementor-column-gap-default\">\n\t\t\t\t\t<div class=\"elementor-column elementor-col-33 elementor-top-column elementor-element elementor-element-6b21ccd3\" data-id=\"6b21ccd3\" data-element_type=\"column\" data-e-type=\"column\">\n\t\t\t<div class=\"elementor-widget-wrap\">\n\t\t\t\t\t\t\t<\/div>\n\t\t<\/div>\n\t\t\t\t<div class=\"elementor-column elementor-col-33 elementor-top-column elementor-element elementor-element-3d4ac888\" data-id=\"3d4ac888\" data-element_type=\"column\" data-e-type=\"column\">\n\t\t\t<div class=\"elementor-widget-wrap elementor-element-populated\">\n\t\t\t\t\t\t<div class=\"elementor-element elementor-element-4b64afb6 elementor-widget elementor-widget-heading\" data-id=\"4b64afb6\" data-element_type=\"widget\" data-e-type=\"widget\" id=\"texto-paralax\" data-widget_type=\"heading.default\">\n\t\t\t\t<div class=\"elementor-widget-container\">\n\t\t\t\t\t<h2 class=\"elementor-heading-title elementor-size-default\">Conhe\u00e7a o Caribe Brasileiro\n\n<\/h2>\t\t\t\t<\/div>\n\t\t\t\t<\/div>\n\t\t\t\t<div class=\"elementor-element elementor-element-2d9bf1b0 elementor-align-center elementor-mobile-align-center elementor-widget elementor-widget-button\" data-id=\"2d9bf1b0\" data-element_type=\"widget\" data-e-type=\"widget\" data-widget_type=\"button.default\">\n\t\t\t\t<div class=\"elementor-widget-container\">\n\t\t\t\t\t\t\t\t\t<div class=\"elementor-button-wrapper\">\n\t\t\t\t\t<a class=\"elementor-button elementor-button-link elementor-size-sm elementor-animation-grow\" href=\"https:\/\/arraialdocabohospedaje.com\/pt\/contacto\/\">\n\t\t\t\t\t\t<span class=\"elementor-button-content-wrapper\">\n\t\t\t\t\t\t\t\t\t<span class=\"elementor-button-text\">Reservas<\/span>\n\t\t\t\t\t<\/span>\n\t\t\t\t\t<\/a>\n\t\t\t\t<\/div>\n\t\t\t\t\t\t\t\t<\/div>\n\t\t\t\t<\/div>\n\t\t\t\t\t<\/div>\n\t\t<\/div>\n\t\t\t\t<div class=\"elementor-column elementor-col-33 elementor-top-column elementor-element elementor-element-abddfb9\" data-id=\"abddfb9\" data-element_type=\"column\" data-e-type=\"column\">\n\t\t\t<div class=\"elementor-widget-wrap\">\n\t\t\t\t\t\t\t<\/div>\n\t\t<\/div>\n\t\t\t\t\t<\/div>\n\t\t<\/section>\n\t\t\t\t<\/div>","protected":false},"excerpt":{"rendered":"<p>Departamento para 4 hu\u00e9spedes Bloque 3 &#8211; 304 3 ambientes: dos\u00a0dormitorios, uno de ellos en suite. 2 ba\u00f1os. TV de 50 pulgadas y TV de 32 pulgadas. Sill\u00f3n relax reclinable. Somier queen y 2 somieres individuales. Incluye ropa blanca de l\u00ednea profesional. Balc\u00f3n con vista lateral al mar. Parrilla y spiedo. Juego de mesa y [&hellip;]<\/p>\n","protected":false},"author":39,"featured_media":0,"parent":511,"menu_order":0,"comment_status":"closed","ping_status":"closed","template":"","meta":{"inline_featured_image":false,"site-sidebar-layout":"no-sidebar","site-content-layout":"page-builder","ast-site-content-layout":"full-width-container","site-content-style":"default","site-sidebar-style":"default","ast-global-header-display":"","ast-banner-title-visibility":"","ast-main-header-display":"","ast-hfb-above-header-display":"","ast-hfb-below-header-display":"","ast-hfb-mobile-header-display":"","site-post-title":"disabled","ast-breadcrumbs-content":"","ast-featured-img":"disabled","footer-sml-layout":"","ast-disable-related-posts":"","theme-transparent-header-meta":"enabled","adv-header-id-meta":"","stick-header-meta":"","header-above-stick-meta":"","header-main-stick-meta":"","header-below-stick-meta":"","astra-migrate-meta-layouts":"set","ast-page-background-enabled":"default","ast-page-background-meta":{"desktop":{"background-color":"","background-image":"","background-repeat":"repeat","background-position":"center center","background-size":"auto","background-attachment":"scroll","background-type":"","background-media":"","overlay-type":"","overlay-color":"","overlay-opacity":"","overlay-gradient":""},"tablet":{"background-color":"","background-image":"","background-repeat":"repeat","background-position":"center center","background-size":"auto","background-attachment":"scroll","background-type":"","background-media":"","overlay-type":"","overlay-color":"","overlay-opacity":"","overlay-gradient":""},"mobile":{"background-color":"","background-image":"","background-repeat":"repeat","background-position":"center center","background-size":"auto","background-attachment":"scroll","background-type":"","background-media":"","overlay-type":"","overlay-color":"","overlay-opacity":"","overlay-gradient":""}},"ast-content-background-meta":{"desktop":{"background-color":"var(--ast-global-color-5)","background-image":"","background-repeat":"repeat","background-position":"center center","background-size":"auto","background-attachment":"scroll","background-type":"","background-media":"","overlay-type":"","overlay-color":"","overlay-opacity":"","overlay-gradient":""},"tablet":{"background-color":"var(--ast-global-color-5)","background-image":"","background-repeat":"repeat","background-position":"center center","background-size":"auto","background-attachment":"scroll","background-type":"","background-media":"","overlay-type":"","overlay-color":"","overlay-opacity":"","overlay-gradient":""},"mobile":{"background-color":"var(--ast-global-color-5)","background-image":"","background-repeat":"repeat","background-position":"center center","background-size":"auto","background-attachment":"scroll","background-type":"","background-media":"","overlay-type":"","overlay-color":"","overlay-opacity":"","overlay-gradient":""}},"footnotes":""},"class_list":["post-3510","page","type-page","status-publish","hentry"],"_links":{"self":[{"href":"https:\/\/arraialdocabohospedaje.com\/pt\/wp-json\/wp\/v2\/pages\/3510","targetHints":{"allow":["GET"]}}],"collection":[{"href":"https:\/\/arraialdocabohospedaje.com\/pt\/wp-json\/wp\/v2\/pages"}],"about":[{"href":"https:\/\/arraialdocabohospedaje.com\/pt\/wp-json\/wp\/v2\/types\/page"}],"author":[{"embeddable":true,"href":"https:\/\/arraialdocabohospedaje.com\/pt\/wp-json\/wp\/v2\/users\/39"}],"replies":[{"embeddable":true,"href":"https:\/\/arraialdocabohospedaje.com\/pt\/wp-json\/wp\/v2\/comments?post=3510"}],"version-history":[{"count":10,"href":"https:\/\/arraialdocabohospedaje.com\/pt\/wp-json\/wp\/v2\/pages\/3510\/revisions"}],"predecessor-version":[{"id":3543,"href":"https:\/\/arraialdocabohospedaje.com\/pt\/wp-json\/wp\/v2\/pages\/3510\/revisions\/3543"}],"up":[{"embeddable":true,"href":"https:\/\/arraialdocabohospedaje.com\/pt\/wp-json\/wp\/v2\/pages\/511"}],"wp:attachment":[{"href":"https:\/\/arraialdocabohospedaje.com\/pt\/wp-json\/wp\/v2\/media?parent=3510"}],"curies":[{"name":"wp","href":"https:\/\/api.w.org\/{rel}","templated":true}]}}